{"id":1195,"date":"2024-04-25T14:14:11","date_gmt":"2024-04-25T12:14:11","guid":{"rendered":"http:\/\/restauranteabadestriana.test\/politique-de-reservation\/"},"modified":"2024-06-25T16:34:35","modified_gmt":"2024-06-25T14:34:35","slug":"politique-de-reservation","status":"publish","type":"page","link":"https:\/\/abadestriana.com\/fr\/politique-de-reservation\/","title":{"rendered":"Politique de r\u00e9servation"},"content":{"rendered":"\n<p>Utilisation des services de pr\u00e9-r\u00e9servation et de r\u00e9servation du RESTAURANT ABADES TRIANA.<\/p>\n\n<p><strong>1.1. Services de pr\u00e9-r\u00e9servation<\/strong><\/p>\n\n<p>Les services de pr\u00e9-r\u00e9servation sont purement informatifs et ont pour seul et unique objectif d&rsquo;offrir au client la possibilit\u00e9 d&rsquo;\u00eatre inform\u00e9 dans les meilleurs d\u00e9lais de la possibilit\u00e9 d&rsquo;effectuer une r\u00e9servation individuelle (moins de 15 personnes) pour le jour et le service demand\u00e9s. Pour une confirmation ferme, le client recevra un e-mail 15 jours calendaires avant la date choisie, l&rsquo;informant d\u00e9finitivement de sa r\u00e9servation ou, en cas d&rsquo;indisponibilit\u00e9, lui proposant d&rsquo;autres dates disponibles. Par cons\u00e9quent, le service de pr\u00e9-r\u00e9servation n&rsquo;est en aucun cas une r\u00e9servation en tant que telle, mais une demande de r\u00e9servation qui sera cl\u00f4tur\u00e9e ou non une fois que le courrier \u00e9lectronique du d\u00e9partement des r\u00e9servations du restaurant Abades Triana aura \u00e9t\u00e9 re\u00e7u.<\/p>\n\n<p><strong>1.2. Services de r\u00e9servation (y compris la r\u00e9servation en ligne)<\/strong><\/p>\n\n<p>a. Les services de r\u00e9servation (et de r\u00e9servation en ligne) ont pour objet de r\u00e9server un service au restaurant Abades Triana. L&rsquo;utilisation de ces services implique la pleine acceptation de la pr\u00e9sente politique de r\u00e9servation. Toute demande particuli\u00e8re (plats sp\u00e9ciaux, emplacement de la table, etc.) doit \u00eatre explicitement communiqu\u00e9e par \u00e9crit au Restaurant et ne sera valable qu&rsquo;apr\u00e8s confirmation expresse de la demande par le service des r\u00e9servations du Restaurant, et peut entra\u00eener des frais suppl\u00e9mentaires.<\/p>\n\n<p>b. R\u00e9siliation du contrat ou annulation de la r\u00e9servation : L&rsquo;annulation d&rsquo;une r\u00e9servation par l&rsquo;utilisateur n&rsquo;entra\u00eene pas de frais d&rsquo;annulation anticip\u00e9e. Pass\u00e9 ce d\u00e9lai, et dans le cas o\u00f9 un pr\u00e9paiement a \u00e9t\u00e9 effectu\u00e9 pour des services sp\u00e9cifiques (d\u00eeners \u00e0 th\u00e8me, plats sp\u00e9cialement command\u00e9s, g\u00e2teaux d&rsquo;anniversaire, etc.), le restaurant Abades Triana facturera 100 % de ces services, c&rsquo;est-\u00e0-dire qu&rsquo;il ne remboursera pas le montant d\u00e9j\u00e0 pay\u00e9.<\/p>\n\n<p>c. Demandes sp\u00e9ciales :<\/p>\n\n<p>c.1. Emplacement : Le restaurant Abades Triana ne garantit pas l&#8217;emplacement de la table au moment de la r\u00e9servation. Les demandes sp\u00e9ciales concernant l&#8217;emplacement de la table pour chaque r\u00e9servation seront not\u00e9es \u00e0 tout moment, mais ne peuvent \u00eatre garanties \u00e0 aucun moment.<\/p>\n\n<p>c.2. R\u00e9gimes sp\u00e9ciaux : le restaurant Abades Triana propose des plats adapt\u00e9s aux r\u00e9gimes sp\u00e9ciaux tels que les c\u0153liaques et les v\u00e9g\u00e9tariens. Si vous avez des allergies ou des exigences alimentaires particuli\u00e8res, il est essentiel que vous nous en informiez au moment de la r\u00e9servation afin que nous puissions en informer le chef et le ma\u00eetre d&rsquo;h\u00f4tel.<br\/>c.3. Plats sp\u00e9ciaux ou boissons : en cas de demande d&rsquo;un plat sp\u00e9cial, un pr\u00e9paiement de 25 euros par personne sera demand\u00e9 \u00e0 titre de garantie. Dans ce cas, le service des r\u00e9servations vous informera des modes de paiement possibles, et ce montant sera d\u00e9duit de la facture finale le jour de la r\u00e9servation, \u00e0 titre de pr\u00e9paiement.<\/p>\n\n<p>d. <strong>Annulation<\/strong>.<\/p>\n\n<p>Le client peut \u00e0 tout moment annuler ou modifier sa r\u00e9servation en contactant directement le restaurant. En cas de non-pr\u00e9sentation sans pr\u00e9avis, la r\u00e9servation sera annul\u00e9e apr\u00e8s la date limite stipul\u00e9e. La marge de tol\u00e9rance stipul\u00e9e pour les r\u00e9servations en retard est de 15 minutes.<\/p>\n\n<p>e. Les prix indiqu\u00e9s au moment de la r\u00e9servation (Menu Restaurant) incluent la TVA (ou taxe \u00e9quivalente) selon le taux d&rsquo;imposition applicable au moment de la r\u00e9servation. En cas de modification du taux d&rsquo;imposition entre la date de la r\u00e9servation et la date de la prestation entra\u00eenant une disparit\u00e9, conform\u00e9ment \u00e0 la loi, le taux de TVA ou d&rsquo;imposition \u00e0 appliquer au prix final sera celui applicable au moment de la prestation des services (ou de l&rsquo;accumulation de la taxe), m\u00eame dans les cas o\u00f9 il en r\u00e9sulterait une augmentation par rapport au prix final indiqu\u00e9 au client lors de la r\u00e9servation.<\/p>\n\n<p>f. Le Restaurant Abades Triana se r\u00e9serve le droit de modifier les pr\u00e9sentes Conditions G\u00e9n\u00e9rales et\/ou les Conditions du Contrat, en informant les utilisateurs des modifications apport\u00e9es par le biais de www.abadestriana.com.<\/p>\n\n<p>1.3 Le client s&rsquo;engage \u00e0 utiliser les services conform\u00e9ment \u00e0 la loi, \u00e0 la morale, aux bonnes coutumes et \u00e0 l&rsquo;ordre public, ainsi qu&rsquo;aux dispositions des pr\u00e9sentes conditions g\u00e9n\u00e9rales et\/ou conditions contractuelles. Par cons\u00e9quent, vous \u00eates tenu de ne pas utiliser les services \u00e0 des fins ou \u00e0 des effets illicites et\/ou contraires \u00e0 ce qui est \u00e9tabli dans les pr\u00e9sents Termes et\/ou Conditions g\u00e9n\u00e9rales de contrat, pr\u00e9judiciables aux droits et\/ou aux int\u00e9r\u00eats de tiers ou qui, de quelque mani\u00e8re que ce soit, peuvent nuire aux services du Restaurante Abades Triana et\/ou \u00e0 son image.<\/p>\n\n<p>1.4. Le restaurant Abades Triana peut, pour la commodit\u00e9 et le b\u00e9n\u00e9fice des utilisateurs, modifier unilat\u00e9ralement, \u00e0 tout moment et sans pr\u00e9avis, les services fournis ou les conditions de fonctionnement, les techniques et l&rsquo;utilisation des services. De m\u00eame, afin d&rsquo;am\u00e9liorer le service et d&rsquo;\u00e9tablir un niveau de qualit\u00e9 optimal, ce qui est l&rsquo;objectif ultime du Restaurante Abades Triana, les clients peuvent sugg\u00e9rer toute modification qu&rsquo;ils jugent utile, en contactant les responsables du site web \u00e0 l&rsquo;adresse \u00e9lectronique suivante : trianaonline@abades.com.<\/p>\n\n<p>1.5. Portails externes : dans le cas o\u00f9 le client effectue des r\u00e9servations sur des portails autres que ceux du Restaurante Abades Triana, la confirmation de la r\u00e9servation sera envoy\u00e9e \u00e0 l&rsquo;utilisateur par le biais de l&rsquo;agent interm\u00e9diaire, et le client devra se conformer aux politiques de ce dernier. En cas de probl\u00e8me avec une r\u00e9servation, le restaurant Abades Triana contactera imm\u00e9diatement l&rsquo;interm\u00e9diaire pour l&rsquo;informer et, si possible, le client final. Le restaurant Abades Triana ne peut pas garantir la disponibilit\u00e9 imm\u00e9diate par le biais d&rsquo;interm\u00e9diaires et d\u00e9cline toute responsabilit\u00e9 dans la gestion de r\u00e9servations et\/ou de confirmations erron\u00e9es par des interm\u00e9diaires.<\/p>\n\n<p>1.6 R\u00e9servations pour les grandes tables : En cas de r\u00e9servation pour plus de 6 personnes, le restaurant confirmera chaque r\u00e9servation par t\u00e9l\u00e9phone le jour m\u00eame dans la matin\u00e9e. Si nous ne parvenons pas \u00e0 vous contacter au num\u00e9ro ci-dessus, il est essentiel que vous confirmiez votre r\u00e9servation avant 13 heures. Si vous ne le faites pas, la r\u00e9servation sera automatiquement annul\u00e9e.<\/p>\n\n<p>Pour les groupes, veuillez vous r\u00e9f\u00e9rer \u00e0 la politique de r\u00e9servation des groupes.<\/p>\n","protected":false},"excerpt":{"rendered":"<p>Utilisation des services de pr\u00e9-r\u00e9servation et de r\u00e9servation du RESTAURANT ABADES TRIANA. 1.1. Services de pr\u00e9-r\u00e9servation Les services de pr\u00e9-r\u00e9servation sont purement informatifs et ont pour seul et unique objectif d&rsquo;offrir au client la possibilit\u00e9 d&rsquo;\u00eatre inform\u00e9 dans les meilleurs d\u00e9lais de la possibilit\u00e9 d&rsquo;effectuer une r\u00e9servation individuelle (moins de 15 personnes) pour le jour <\/p>\n","protected":false},"author":1,"featured_media":0,"parent":0,"menu_order":0,"comment_status":"closed","ping_status":"closed","template":"","meta":{"_acf_changed":false,"inline_featured_image":false,"footnotes":""},"class_list":["post-1195","page","type-page","status-publish","hentry"],"acf":[],"yoast_head":"<!-- This site is optimized with the Yoast SEO plugin v26.8 - https:\/\/yoast.com\/product\/yoast-seo-wordpress\/ -->\n<title>Politique de r\u00e9servation - Abades Triana Restaurante<\/title>\n<meta name=\"robots\" content=\"noindex, follow\" \/>\n<meta property=\"og:locale\" content=\"fr_FR\" \/>\n<meta property=\"og:type\" content=\"article\" \/>\n<meta property=\"og:title\" content=\"Politique de r\u00e9servation - Abades Triana Restaurante\" \/>\n<meta property=\"og:description\" content=\"Utilisation des services de pr\u00e9-r\u00e9servation et de r\u00e9servation du RESTAURANT ABADES TRIANA. 1.1. Services de pr\u00e9-r\u00e9servation Les services de pr\u00e9-r\u00e9servation sont purement informatifs et ont pour seul et unique objectif d&rsquo;offrir au client la possibilit\u00e9 d&rsquo;\u00eatre inform\u00e9 dans les meilleurs d\u00e9lais de la possibilit\u00e9 d&rsquo;effectuer une r\u00e9servation individuelle (moins de 15 personnes) pour le jour\" \/>\n<meta property=\"og:url\" content=\"https:\/\/abadestriana.com\/fr\/politique-de-reservation\/\" \/>\n<meta property=\"og:site_name\" content=\"Abades Triana Restaurante\" \/>\n<meta property=\"article:modified_time\" content=\"2024-06-25T14:34:35+00:00\" \/>\n<meta name=\"twitter:card\" content=\"summary_large_image\" \/>\n<meta name=\"twitter:label1\" content=\"Dur\u00e9e de lecture estim\u00e9e\" \/>\n\t<meta name=\"twitter:data1\" content=\"5 minutes\" \/>\n<script type=\"application\/ld+json\" class=\"yoast-schema-graph\">{\"@context\":\"https:\/\/schema.org\",\"@graph\":[{\"@type\":\"WebPage\",\"@id\":\"https:\/\/abadestriana.com\/fr\/politique-de-reservation\/\",\"url\":\"https:\/\/abadestriana.com\/fr\/politique-de-reservation\/\",\"name\":\"Politique de r\u00e9servation - Abades Triana Restaurante\",\"isPartOf\":{\"@id\":\"https:\/\/abadestriana.com\/fr\/#website\"},\"datePublished\":\"2024-04-25T12:14:11+00:00\",\"dateModified\":\"2024-06-25T14:34:35+00:00\",\"breadcrumb\":{\"@id\":\"https:\/\/abadestriana.com\/fr\/politique-de-reservation\/#breadcrumb\"},\"inLanguage\":\"fr-FR\",\"potentialAction\":[{\"@type\":\"ReadAction\",\"target\":[\"https:\/\/abadestriana.com\/fr\/politique-de-reservation\/\"]}]},{\"@type\":\"BreadcrumbList\",\"@id\":\"https:\/\/abadestriana.com\/fr\/politique-de-reservation\/#breadcrumb\",\"itemListElement\":[{\"@type\":\"ListItem\",\"position\":1,\"name\":\"Home\",\"item\":\"https:\/\/abadestriana.com\/fr\/\"},{\"@type\":\"ListItem\",\"position\":2,\"name\":\"Politique de r\u00e9servation\"}]},{\"@type\":\"WebSite\",\"@id\":\"https:\/\/abadestriana.com\/fr\/#website\",\"url\":\"https:\/\/abadestriana.com\/fr\/\",\"name\":\"Abades Triana Restaurante\",\"description\":\"Abades Triana es uno de los mejores restaurantes de Sevilla y el m\u00e1s reservado de toda la ciudad. A orillas del r\u00edo Guadalquivir frente a la Torre del Oro.\",\"potentialAction\":[{\"@type\":\"SearchAction\",\"target\":{\"@type\":\"EntryPoint\",\"urlTemplate\":\"https:\/\/abadestriana.com\/fr\/?s={search_term_string}\"},\"query-input\":{\"@type\":\"PropertyValueSpecification\",\"valueRequired\":true,\"valueName\":\"search_term_string\"}}],\"inLanguage\":\"fr-FR\"}]}<\/script>\n<!-- \/ Yoast SEO plugin. -->","yoast_head_json":{"title":"Politique de r\u00e9servation - Abades Triana Restaurante","robots":{"index":"noindex","follow":"follow"},"og_locale":"fr_FR","og_type":"article","og_title":"Politique de r\u00e9servation - Abades Triana Restaurante","og_description":"Utilisation des services de pr\u00e9-r\u00e9servation et de r\u00e9servation du RESTAURANT ABADES TRIANA. 1.1. Services de pr\u00e9-r\u00e9servation Les services de pr\u00e9-r\u00e9servation sont purement informatifs et ont pour seul et unique objectif d&rsquo;offrir au client la possibilit\u00e9 d&rsquo;\u00eatre inform\u00e9 dans les meilleurs d\u00e9lais de la possibilit\u00e9 d&rsquo;effectuer une r\u00e9servation individuelle (moins de 15 personnes) pour le jour","og_url":"https:\/\/abadestriana.com\/fr\/politique-de-reservation\/","og_site_name":"Abades Triana Restaurante","article_modified_time":"2024-06-25T14:34:35+00:00","twitter_card":"summary_large_image","twitter_misc":{"Dur\u00e9e de lecture estim\u00e9e":"5 minutes"},"schema":{"@context":"https:\/\/schema.org","@graph":[{"@type":"WebPage","@id":"https:\/\/abadestriana.com\/fr\/politique-de-reservation\/","url":"https:\/\/abadestriana.com\/fr\/politique-de-reservation\/","name":"Politique de r\u00e9servation - Abades Triana Restaurante","isPartOf":{"@id":"https:\/\/abadestriana.com\/fr\/#website"},"datePublished":"2024-04-25T12:14:11+00:00","dateModified":"2024-06-25T14:34:35+00:00","breadcrumb":{"@id":"https:\/\/abadestriana.com\/fr\/politique-de-reservation\/#breadcrumb"},"inLanguage":"fr-FR","potentialAction":[{"@type":"ReadAction","target":["https:\/\/abadestriana.com\/fr\/politique-de-reservation\/"]}]},{"@type":"BreadcrumbList","@id":"https:\/\/abadestriana.com\/fr\/politique-de-reservation\/#breadcrumb","itemListElement":[{"@type":"ListItem","position":1,"name":"Home","item":"https:\/\/abadestriana.com\/fr\/"},{"@type":"ListItem","position":2,"name":"Politique de r\u00e9servation"}]},{"@type":"WebSite","@id":"https:\/\/abadestriana.com\/fr\/#website","url":"https:\/\/abadestriana.com\/fr\/","name":"Abades Triana Restaurante","description":"Abades Triana es uno de los mejores restaurantes de Sevilla y el m\u00e1s reservado de toda la ciudad. A orillas del r\u00edo Guadalquivir frente a la Torre del Oro.","potentialAction":[{"@type":"SearchAction","target":{"@type":"EntryPoint","urlTemplate":"https:\/\/abadestriana.com\/fr\/?s={search_term_string}"},"query-input":{"@type":"PropertyValueSpecification","valueRequired":true,"valueName":"search_term_string"}}],"inLanguage":"fr-FR"}]}},"_links":{"self":[{"href":"https:\/\/abadestriana.com\/fr\/wp-json\/wp\/v2\/pages\/1195","targetHints":{"allow":["GET"]}}],"collection":[{"href":"https:\/\/abadestriana.com\/fr\/wp-json\/wp\/v2\/pages"}],"about":[{"href":"https:\/\/abadestriana.com\/fr\/wp-json\/wp\/v2\/types\/page"}],"author":[{"embeddable":true,"href":"https:\/\/abadestriana.com\/fr\/wp-json\/wp\/v2\/users\/1"}],"replies":[{"embeddable":true,"href":"https:\/\/abadestriana.com\/fr\/wp-json\/wp\/v2\/comments?post=1195"}],"version-history":[{"count":1,"href":"https:\/\/abadestriana.com\/fr\/wp-json\/wp\/v2\/pages\/1195\/revisions"}],"predecessor-version":[{"id":1196,"href":"https:\/\/abadestriana.com\/fr\/wp-json\/wp\/v2\/pages\/1195\/revisions\/1196"}],"wp:attachment":[{"href":"https:\/\/abadestriana.com\/fr\/wp-json\/wp\/v2\/media?parent=1195"}],"curies":[{"name":"wp","href":"https:\/\/api.w.org\/{rel}","templated":true}]}}