{"id":1189,"date":"2024-04-25T14:13:43","date_gmt":"2024-04-25T12:13:43","guid":{"rendered":"http:\/\/restauranteabadestriana.test\/politique-en-matiere-de-cookies\/"},"modified":"2024-06-25T16:32:08","modified_gmt":"2024-06-25T14:32:08","slug":"politique-en-matiere-de-cookies","status":"publish","type":"page","link":"https:\/\/abadestriana.com\/fr\/politique-en-matiere-de-cookies\/","title":{"rendered":"Politique en mati\u00e8re de cookies"},"content":{"rendered":"\n<p>Nous respectons les dispositions des obligations \u00e9nonc\u00e9es au deuxi\u00e8me paragraphe de l&rsquo;article 22 de la loi 34\/2002, du 11 juillet, sur les services de la soci\u00e9t\u00e9 de l&rsquo;information et le commerce \u00e9lectronique (ci-apr\u00e8s, LSSI), en relation avec le r\u00e8glement (UE) 2016\/679 du Parlement europ\u00e9en et du Conseil, du 27 avril 2016, Protection g\u00e9n\u00e9rale des donn\u00e9es (ci-apr\u00e8s, RGPD) et la loi organique 3\/2018, du 5 d\u00e9cembre, sur la protection des donn\u00e9es et la garantie des droits num\u00e9riques (ci-apr\u00e8s, LOPDGDD).<\/p>\n\n<p>Nous utilisons des cookies et\/ou des technologies similaires qui stockent et r\u00e9cup\u00e8rent des informations lorsque vous naviguez. En g\u00e9n\u00e9ral, ces technologies peuvent \u00eatre utilis\u00e9es \u00e0 diverses fins, notamment pour vous reconna\u00eetre en tant qu&rsquo;utilisateur, obtenir des informations sur vos habitudes de navigation ou personnaliser l&rsquo;affichage du contenu. Les utilisations sp\u00e9cifiques de ces technologies sont d\u00e9crites ci-dessous.<\/p>\n\n<p>La pr\u00e9sente politique en mati\u00e8re de cookies a pour but de vous informer de mani\u00e8re claire et pr\u00e9cise sur les cookies qui existent sur le site web.<\/p>\n\n<h2 class=\"wp-block-heading\">1.\u00bf<strong>Qu&rsquo;est-ce qu&rsquo;un biscuit ? D\u00e9finition et fonction G\u00e9n\u00e9rique.<\/strong><\/h2>\n\n<p>Les cookies sont des fichiers qui sont stock\u00e9s sur l&rsquo;ordinateur de l&rsquo;utilisateur lorsqu&rsquo;il navigue sur Internet et qui contiennent notamment un num\u00e9ro permettant d&rsquo;identifier l&rsquo;ordinateur de l&rsquo;utilisateur de mani\u00e8re univoque, m\u00eame si l&#8217;emplacement ou l&rsquo;adresse IP de l&rsquo;utilisateur change.<\/p>\n\n<p>Les cookies sont install\u00e9s lors de la navigation sur Internet, soit par les sites Web que vous visitez, soit par des tiers avec lesquels le site Web est en relation, et permettent, entre autres, de stocker et de r\u00e9cup\u00e9rer des informations sur vos habitudes de navigation ou sur votre ordinateur et, en fonction des informations qu&rsquo;ils contiennent et de la mani\u00e8re dont vous utilisez votre ordinateur, ils peuvent \u00eatre utilis\u00e9s pour vous reconna\u00eetre.<\/p>\n\n<h3 class=\"wp-block-heading\"><strong>1.1 Types de cookies<\/strong><\/h3>\n\n<h4 class=\"wp-block-heading\"><strong>1.1.1. Les cookies selon l&rsquo;entit\u00e9 qui les g\u00e8re.<\/strong><\/h4>\n\n<p>Selon l&rsquo;entit\u00e9 qui g\u00e8re l&rsquo;\u00e9quipement ou le domaine \u00e0 partir duquel les cookies sont envoy\u00e9s et qui traite les donn\u00e9es obtenues, il existe deux types de cookies :<\/p>\n\n<ul class=\"wp-block-list\">\n<li>Cookies propres : ceux qui sont envoy\u00e9s \u00e0 l&rsquo;\u00e9quipement terminal de l&rsquo;utilisateur \u00e0 partir d&rsquo;un ordinateur ou d&rsquo;un domaine g\u00e9r\u00e9 par l&rsquo;\u00e9diteur lui-m\u00eame et \u00e0 partir duquel le service demand\u00e9 par l&rsquo;utilisateur est fourni.<\/li>\n\n\n\n<li>Cookies de tiers : ceux qui sont envoy\u00e9s \u00e0 l&rsquo;\u00e9quipement terminal de l&rsquo;utilisateur \u00e0 partir d&rsquo;un ordinateur ou d&rsquo;un domaine qui n&rsquo;est pas g\u00e9r\u00e9 par l&rsquo;\u00e9diteur, mais par une autre entit\u00e9 qui traite les donn\u00e9es obtenues par le biais des cookies.<\/li>\n<\/ul>\n\n<p>Dans le cas o\u00f9 les cookies sont install\u00e9s \u00e0 partir d&rsquo;un ordinateur ou d&rsquo;un domaine g\u00e9r\u00e9 par l&rsquo;\u00e9diteur lui-m\u00eame, mais que les informations collect\u00e9es \u00e0 travers eux sont g\u00e9r\u00e9es par un tiers, ils ne peuvent pas \u00eatre consid\u00e9r\u00e9s comme des cookies propres.<\/p>\n\n<h4 class=\"wp-block-heading\"><strong>1.1.2. Les cookies en fonction de leur dur\u00e9e d&rsquo;activation.<\/strong><\/h4>\n\n<p>Il existe \u00e9galement une deuxi\u00e8me classification en fonction de la dur\u00e9e pendant laquelle ils restent activ\u00e9s dans l&rsquo;\u00e9quipement terminal :<\/p>\n\n<ul class=\"wp-block-list\">\n<li><em>Cookies de session<\/em>: ils sont con\u00e7us pour collecter et stocker des donn\u00e9es pendant que l&rsquo;utilisateur acc\u00e8de \u00e0 une page web. Ils sont g\u00e9n\u00e9ralement utilis\u00e9s pour stocker des informations qui ne sont pertinentes que pour la fourniture du service demand\u00e9 par l&rsquo;utilisateur \u00e0 une occasion unique (par exemple, une liste de produits achet\u00e9s) et disparaissent \u00e0 la fin de la session.<\/li>\n\n\n\n<li><em>Cookies persistants<\/em>: il s&rsquo;agit de cookies dans lesquels les donn\u00e9es restent stock\u00e9es dans le terminal et peuvent \u00eatre consult\u00e9es et trait\u00e9es pendant une p\u00e9riode d\u00e9finie par le responsable du cookie, qui peut aller de quelques minutes \u00e0 plusieurs ann\u00e9es.<\/li>\n<\/ul>\n\n<h4 class=\"wp-block-heading\"><strong>1.1.3. Les cookies en fonction de leur finalit\u00e9.<\/strong><\/h4>\n\n<p>Enfin, il existe d&rsquo;autres types de cookies \u00e0 titre indicatif, car ce sont les plus courants en fonction de la finalit\u00e9 du traitement des donn\u00e9es obtenues :<\/p>\n\n<ul class=\"wp-block-list\">\n<li><em>Cookies techniques<\/em>: sont celles qui permettent \u00e0 l&rsquo;utilisateur de naviguer sur un site web, une plateforme ou une application et l&rsquo;utilisation des diff\u00e9rentes options ou services qui y existent, y compris celles que l&rsquo;\u00e9diteur utilise pour permettre la gestion et l&rsquo;exploitation du site web et permettre ses fonctions et services, tels que, par exemple, contr\u00f4ler le trafic et la communication des donn\u00e9es, identifier la session, acc\u00e9der \u00e0 des parties \u00e0 acc\u00e8s restreint, m\u00e9moriser les \u00e9l\u00e9ments qui composent une commande, effectuer le processus d&rsquo;achat d&rsquo;une commande, g\u00e9rer le paiement, contr\u00f4ler la fraude li\u00e9e \u00e0 la s\u00e9curit\u00e9 du service, effectuer la demande d&rsquo;inscription ou de participation \u00e0 un \u00e9v\u00e9nement, comptabiliser les visites aux fins de la facturation des licences du logiciel avec lequel le service fonctionne (site web, plateforme ou application), utiliser les fonctions de s\u00e9curit\u00e9 lors de la navigation, stocker des contenus pour la diffusion de vid\u00e9os ou de sons, permettre un contenu dynamique (par exemple, l&rsquo;animation du chargement d&rsquo;un texte ou d&rsquo;une image) ou partager des contenus par le biais des r\u00e9seaux sociaux.<\/li>\n\n\n\n<li><em>Cookies de pr\u00e9f\u00e9rence ou de personnalisation<\/em>: il s&rsquo;agit de cookies qui permettent de m\u00e9moriser des informations afin que l&rsquo;utilisateur puisse acc\u00e9der au service avec certaines caract\u00e9ristiques qui peuvent diff\u00e9rencier son exp\u00e9rience de celle d&rsquo;autres utilisateurs, comme, par exemple, la langue, le nombre de r\u00e9sultats \u00e0 afficher lorsque l&rsquo;utilisateur effectue une recherche, l&rsquo;apparence ou le contenu du service en fonction du type de navigateur par lequel l&rsquo;utilisateur acc\u00e8de au service ou de la r\u00e9gion \u00e0 partir de laquelle il acc\u00e8de au service, etc.<\/li>\n\n\n\n<li><em>Cookies d&rsquo;analyse ou de mesure<\/em>: ils permettent au responsable de suivre et d&rsquo;analyser le comportement des utilisateurs des sites web auxquels ils sont li\u00e9s, y compris la quantification de l&rsquo;impact des publicit\u00e9s. Les informations collect\u00e9es par ce type de cookies sont utilis\u00e9es pour mesurer l&rsquo;activit\u00e9 des sites web, applications ou plateformes et pour l&rsquo;\u00e9laboration de profils de navigation des utilisateurs de ces sites, applications et plateformes, afin d&rsquo;introduire des am\u00e9liorations bas\u00e9es sur l&rsquo;analyse des donn\u00e9es relatives \u00e0 l&rsquo;utilisation faite par les utilisateurs du service.<\/li>\n\n\n\n<li><em>Cookies publicitaires<\/em>: permettent de g\u00e9rer, de la mani\u00e8re la plus efficace possible, les espaces publicitaires.<\/li>\n\n\n\n<li><em>Cookies de publicit\u00e9 comportementale<\/em>: ils stockent des informations sur le comportement des utilisateurs obtenues gr\u00e2ce \u00e0 l&rsquo;observation continue de leurs habitudes de navigation, ce qui permet de d\u00e9velopper un profil sp\u00e9cifique afin d&rsquo;afficher des publicit\u00e9s bas\u00e9es sur ce profil.<\/li>\n\n\n\n<li><em>Cookies de r\u00e9seaux sociaux externes<\/em>: ils sont utilis\u00e9s pour permettre aux visiteurs d&rsquo;interagir avec le contenu de diff\u00e9rentes plateformes sociales (Facebook, YouTube, Twitter, LinkedIn, etc.) et ne sont g\u00e9n\u00e9r\u00e9s que pour les utilisateurs de ces r\u00e9seaux sociaux. Les conditions d&rsquo;utilisation de ces cookies et les informations collect\u00e9es sont r\u00e9gies par la politique de confidentialit\u00e9 de la plateforme sociale correspondante.<\/li>\n<\/ul>\n\n<h2 class=\"wp-block-heading\"><strong>2. QUELS TYPES DE COOKIES UTILISONS-NOUS ET \u00c0 QUOI SERVENT-ILS ?<\/strong><\/h2>\n\n<p>Nous utilisons \u00e0 la fois nos propres cookies, qui sont ceux cr\u00e9\u00e9s ou g\u00e9r\u00e9s par notre entit\u00e9, en tant que responsable de ce site web, et des cookies tiers, qui sont g\u00e9r\u00e9s par des prestataires de services techniques, d&rsquo;analyse, de r\u00e9seaux sociaux, de personnalisation et de publicit\u00e9 ext\u00e9rieurs au domaine, comme d\u00e9taill\u00e9 ci-dessous :<\/p>\n\n<figure class=\"wp-block-table\"><table><tbody><tr><td>Nom<\/td><td>Dur\u00e9e pr\u00e9d\u00e9termin\u00e9e<\/td><td>Description<\/td><\/tr><tr><td>__utma<\/td><td>Deux ans apr\u00e8s la configuration ou la mise \u00e0 niveau<\/td><td>Utilis\u00e9 pour distinguer les utilisateurs et les sessions. Le cookie est mis \u00e0 jour \u00e0 chaque fois que des donn\u00e9es sont envoy\u00e9es \u00e0 Google Analytics.<\/td><\/tr><tr><td>__utmb<\/td><td>30 minutes apr\u00e8s la configuration ou la mise \u00e0 jour<\/td><td>Il est utilis\u00e9 pour d\u00e9terminer les nouvelles sessions ou visites. Le cookie est mis \u00e0 jour \u00e0 chaque fois que des donn\u00e9es sont envoy\u00e9es \u00e0 Google Analytics.<\/td><\/tr><tr><td>__utmc<\/td><td>Fin de la session du navigateur<\/td><td>Non utilis\u00e9 dans ga.js. Il est configur\u00e9 pour interagir avec urchin.js. Auparavant, ce cookie agissait en conjonction avec le cookie __utmb pour d\u00e9terminer si l&rsquo;utilisateur se trouvait dans une nouvelle session ou visite.<\/td><\/tr><tr><td>__utmz<\/td><td>Six mois apr\u00e8s la configuration ou la mise \u00e0 niveau<\/td><td>Enregistre la source de trafic ou la campagne qui explique comment l&rsquo;utilisateur a atteint le site. Le cookie est cr\u00e9\u00e9 lors de l&rsquo;ex\u00e9cution de la biblioth\u00e8que JavaScript et est mis \u00e0 jour \u00e0 chaque fois que des donn\u00e9es sont envoy\u00e9es \u00e0 Google Analytics.<\/td><\/tr><tr><td>__utmv<\/td><td>Deux ans apr\u00e8s la configuration ou la mise \u00e0 niveau<\/td><td>Utilis\u00e9 pour stocker les donn\u00e9es variables personnalis\u00e9es des visiteurs. Il est mis \u00e0 jour \u00e0 chaque fois que des donn\u00e9es sont envoy\u00e9es \u00e0 Google Analytics.<\/td><\/tr><tr><td>_ga<\/td><td>Deux ans<\/td><td>Il est utilis\u00e9 pour distinguer les utilisateurs.<\/td><\/tr><tr><td>_gat<\/td><td>10 minutes de la cr\u00e9ation<\/td><td>Il est utilis\u00e9 pour identifier les diff\u00e9rents objets cr\u00e9\u00e9s au cours de la session. Il est mis \u00e0 jour \u00e0 chaque fois que des donn\u00e9es sont envoy\u00e9es \u00e0 Google Analytics.<\/td><\/tr><\/tbody><\/table><\/figure>\n\n<p>Cookies tiers de Google<\/p>\n\n<figure class=\"wp-block-table\"><table><tbody><tr><td>Nom<\/td><td>Dur\u00e9e pr\u00e9d\u00e9termin\u00e9e<\/td><td>Description<\/td><\/tr><tr><td>NID<\/td><td>6 mois \u00e0 compter de la cr\u00e9ation ou de la modification<\/td><td>Cookie de google.com. Ils sont utilis\u00e9s pour m\u00e9moriser les pr\u00e9f\u00e9rences du visiteur dans le cadre de l&rsquo;utilisation de ce service.<\/td><\/tr><tr><td>PREF<\/td><td>8 mois \u00e0 compter de la cr\u00e9ation ou de la modification<\/td><td>Cookie de google.com. Contient des donn\u00e9es sur les pr\u00e9f\u00e9rences d&rsquo;affichage et l&rsquo;utilisation du navigateur.<\/td><\/tr><\/tbody><\/table><\/figure>\n\n<p>Pour en savoir plus sur les cookies de Google <a href=\"http:\/\/www.google.es\/intl\/es\/policies\/technologies\/types\/\">: http:\/\/www.google.es\/intl\/es\/policies\/technologies\/types\/<\/a><\/p>\n\n<p>Cookies de tiers YouTube<\/p>\n\n<p>Utilis\u00e9 pour la lecture de vid\u00e9os sur le web. Lorsque vous visitez une page de notre site web qui contient une vid\u00e9o YouTube int\u00e9gr\u00e9e, YouTube cr\u00e9e au moins trois cookies : VISITOR_INFO1_LIVE, use_hitbox et PREF.<\/p>\n\n<p>Vos propres biscuits<\/p>\n\n<figure class=\"wp-block-table\"><table><tbody><tr><td>Nom<\/td><td>Dur\u00e9e pr\u00e9d\u00e9termin\u00e9e<\/td><td>Description<\/td><\/tr><tr><td>wp_text_cookie<\/td><td>Dur\u00e9e de la session<\/td><td>Ce cookie est utilis\u00e9 par le gestionnaire de contenu de WordPress pour v\u00e9rifier si votre navigateur a activ\u00e9 les cookies.<\/td><\/tr><tr><td>cookie_notice_accepted<\/td><td>1 an<\/td><td>Ce cookie est utilis\u00e9 pour stocker des informations sur l&rsquo;acceptation des cookies par l&rsquo;utilisateur.<\/td><\/tr><tr><td>wp-settings<\/td><td>1 an<\/td><td>WordPress cr\u00e9e des cookies dans ce format wp- settings- [ UID ] cookies. Elle permet de personnaliser l&rsquo;affichage de l&rsquo;interface d&rsquo;administration, et \u00e9ventuellement de l&rsquo;interface principale du site.<\/td><\/tr><tr><td>wp-settings-time<\/td><td>1 an<\/td><td>WordPress d\u00e9finit les cookies dans ce format wp- configuration- {time } &#8211; [ UID ]. Elle permet de personnaliser l&rsquo;affichage de l&rsquo;interface d&rsquo;administration, et \u00e9ventuellement de l&rsquo;interface principale du site.<\/td><\/tr><\/tbody><\/table><\/figure>\n\n<h2 class=\"wp-block-heading\"><strong>3. DES INFORMATIONS SUR LA MANI\u00c8RE D&rsquo;ACCEPTER, DE REFUSER, DE R\u00c9VOQUER LE CONSENTEMENT OU DE SUPPRIMER LES COOKIES<\/strong><\/h2>\n\n<p>Vous avez la possibilit\u00e9 d&rsquo;autoriser ou de bloquer les cookies, ainsi que de supprimer vos donn\u00e9es de navigation (y compris les cookies) du navigateur que vous utilisez. Veuillez vous r\u00e9f\u00e9rer aux options et instructions fournies par votre navigateur \u00e0 cet effet. Veuillez noter que si vous acceptez les cookies de tiers, vous devrez les supprimer des options de votre navigateur. La mani\u00e8re de les d\u00e9sactiver est diff\u00e9rente pour chaque navigateur, mais peut g\u00e9n\u00e9ralement \u00eatre effectu\u00e9e \u00e0 partir du menu Outils ou Options. Vous pouvez \u00e9galement consulter le menu d&rsquo;aide du navigateur o\u00f9 vous trouverez toutes les instructions.<\/p>\n\n<p>Vous pouvez choisir \u00e0 tout moment les cookies que vous souhaitez utiliser sur ce site web. Dans les liens suivants, vous disposez de toutes les informations n\u00e9cessaires pour configurer ou d\u00e9sactiver les cookies dans chaque navigateur :<\/p>\n\n<ul class=\"wp-block-list\">\n<li><a href=\"https:\/\/support.microsoft.com\/es-es\/topic\/eliminar-y-administrar-cookies-168dab11-0753-043d-7c16-ede5947fc64d#ie=ie-11\">Internet Explorer<\/a><\/li>\n\n\n\n<li><a href=\"https:\/\/support.microsoft.com\/es-es\/windows\/microsoft-edge-datos-de-exploraci%C3%B3n-y-privacidad-bb8174ba-9d73-dcf2-9b4a-c582b4e640dd\">Microsoft Edge<\/a><\/li>\n\n\n\n<li><a href=\"https:\/\/support.mozilla.org\/es\/kb\/Borrar%20cookies\">Firefox<\/a><\/li>\n\n\n\n<li><a href=\"https:\/\/support.google.com\/chrome\/answer\/95647?hl=es\">Chrome<\/a><\/li>\n\n\n\n<li><a href=\"https:\/\/support.apple.com\/es-es\/guide\/safari\/sfri11471\/mac\">Safari<\/a><\/li>\n<\/ul>\n\n<p>Il existe un module compl\u00e9mentaire de d\u00e9sactivation des cookies de Google Analytics pour les navigateurs les plus courants (Microsoft Internet Explorer, Google Chrome, Mozilla Firefox, Apple Safari et Opera) qui permet d&rsquo;exclure plus facilement l&rsquo;installation de ces cookies.<\/p>\n\n<p>Pour plus d&rsquo;informations, consultez le site <a href=\"https:\/\/tools.google.com\/dlpage\/gaoptout?hl=es\">https:\/\/tools.google.com\/dlpage\/gaoptout?hl=es<\/a><\/p>\n\n<p>En outre, vous pouvez \u00e9galement g\u00e9rer le stockage des cookies dans votre navigateur \u00e0 l&rsquo;aide d&rsquo;outils tels que les suivants :<\/p>\n\n<ul class=\"wp-block-list\">\n<li>Ghostery : <a href=\"http:\/\/www.ghostery.com\/\">ghostery.com\/<\/a><\/li>\n\n\n\n<li>Vos choix en ligne : <a href=\"http:\/\/www.youronlinechoices.com\/es\/\">youronlinechoices.com\/fr\/<\/a><\/li>\n<\/ul>\n\n<h3 class=\"wp-block-heading\"><strong>3.1. Informations sur le transfert de donn\u00e9es vers des pays tiers.<\/strong><\/h3>\n\n<p>Vous pouvez prendre connaissance des transferts vers des pays tiers qui, le cas \u00e9ch\u00e9ant, sont effectu\u00e9s par les tiers identifi\u00e9s dans la pr\u00e9sente politique en mati\u00e8re de cookies dans leurs politiques correspondantes (voir les liens fournis).<\/p>\n\n<h2 class=\"wp-block-heading\"><strong>4. QUE SE PASSE-T-IL SI VOUS REFUSEZ L&rsquo;INSTALLATION DE COOKIES ?<\/strong><\/h2>\n\n<p>Dans ce cas, vous pouvez continuer \u00e0 naviguer, mais l&rsquo;utilisation de certains services peut \u00eatre limit\u00e9e ou vous pouvez ne pas \u00eatre en mesure d&rsquo;y acc\u00e9der et, par cons\u00e9quent, votre exp\u00e9rience sur notre site web sera moins satisfaisante. Vous pouvez les rejeter \u00e0 tout moment.<\/p>\n\n<h2 class=\"wp-block-heading\"><strong>5. CONSENTEMENT<\/strong><\/h2>\n\n<p>Compte tenu de ces informations, les actions suivantes sont possibles :<\/p>\n\n<p><strong>COOKIE POLICY : <\/strong>lien vers cette politique de cookies o\u00f9 nous vous fournissons toutes les informations n\u00e9cessaires, ainsi que la mani\u00e8re de modifier la configuration des cookies dans votre navigateur ou de rejeter ceux que vous souhaitez. Dans ce cas, seuls les \u00e9l\u00e9ments essentiels \u00e0 la navigation et qui ne peuvent \u00eatre d\u00e9sactiv\u00e9s seront t\u00e9l\u00e9charg\u00e9s.<\/p>\n\n<p><strong>ACCEPTER LES COOKIES : <\/strong>tous les cookies mentionn\u00e9s ci-dessus seront accept\u00e9s. L&rsquo;avis ne s&rsquo;affichera plus pendant la session de navigation en cours.<\/p>\n\n<p><strong>CONFIGURER<\/strong>: vous pouvez d\u00e9cider pour quels cookies vous consentez \u00e0 leur installation ou non et enregistrer vos pr\u00e9f\u00e9rences.<\/p>\n\n<p>Si vous souhaitez r\u00e9voquer votre consentement ou si vous avez des questions concernant la politique en mati\u00e8re de cookies du site web, vous pouvez contacter le fournisseur par courrier \u00e9lectronique \u00e0 l&rsquo;adresse <a href=\"mailto:lopd@abades.com\">lopd@abades.com<\/a> en indiquant \u00ab\u00a0Politique en mati\u00e8re de cookies\u00a0\u00bb dans la ligne d&rsquo;objet.<\/p>\n\n<p>En ce qui concerne le reste des informations requises par la r\u00e9glementation sur la protection des donn\u00e9es, vous pouvez consulter notre POLITIQUE DE CONFIDENTIALIT\u00c9.<\/p>\n","protected":false},"excerpt":{"rendered":"<p>Nous respectons les dispositions des obligations \u00e9nonc\u00e9es au deuxi\u00e8me paragraphe de l&rsquo;article 22 de la loi 34\/2002, du 11 juillet, sur les services de la soci\u00e9t\u00e9 de l&rsquo;information et le commerce \u00e9lectronique (ci-apr\u00e8s, LSSI), en relation avec le r\u00e8glement (UE) 2016\/679 du Parlement europ\u00e9en et du Conseil, du 27 avril 2016, Protection g\u00e9n\u00e9rale des donn\u00e9es <\/p>\n","protected":false},"author":1,"featured_media":0,"parent":0,"menu_order":0,"comment_status":"closed","ping_status":"closed","template":"","meta":{"_acf_changed":false,"inline_featured_image":false,"footnotes":""},"class_list":["post-1189","page","type-page","status-publish","hentry"],"acf":[],"yoast_head":"<!-- This site is optimized with the Yoast SEO plugin v26.8 - https:\/\/yoast.com\/product\/yoast-seo-wordpress\/ -->\n<title>Politique en mati\u00e8re de cookies - Abades Triana Restaurante<\/title>\n<meta name=\"robots\" content=\"noindex, follow\" \/>\n<meta property=\"og:locale\" content=\"fr_FR\" \/>\n<meta property=\"og:type\" content=\"article\" \/>\n<meta property=\"og:title\" content=\"Politique en mati\u00e8re de cookies - Abades Triana Restaurante\" \/>\n<meta property=\"og:description\" content=\"Nous respectons les dispositions des obligations \u00e9nonc\u00e9es au deuxi\u00e8me paragraphe de l&rsquo;article 22 de la loi 34\/2002, du 11 juillet, sur les services de la soci\u00e9t\u00e9 de l&rsquo;information et le commerce \u00e9lectronique (ci-apr\u00e8s, LSSI), en relation avec le r\u00e8glement (UE) 2016\/679 du Parlement europ\u00e9en et du Conseil, du 27 avril 2016, Protection g\u00e9n\u00e9rale des donn\u00e9es\" \/>\n<meta property=\"og:url\" content=\"https:\/\/abadestriana.com\/fr\/politique-en-matiere-de-cookies\/\" \/>\n<meta property=\"og:site_name\" content=\"Abades Triana Restaurante\" \/>\n<meta property=\"article:modified_time\" content=\"2024-06-25T14:32:08+00:00\" \/>\n<meta name=\"twitter:card\" content=\"summary_large_image\" \/>\n<meta name=\"twitter:label1\" content=\"Dur\u00e9e de lecture estim\u00e9e\" \/>\n\t<meta name=\"twitter:data1\" content=\"11 minutes\" \/>\n<script type=\"application\/ld+json\" class=\"yoast-schema-graph\">{\"@context\":\"https:\/\/schema.org\",\"@graph\":[{\"@type\":\"WebPage\",\"@id\":\"https:\/\/abadestriana.com\/fr\/politique-en-matiere-de-cookies\/\",\"url\":\"https:\/\/abadestriana.com\/fr\/politique-en-matiere-de-cookies\/\",\"name\":\"Politique en mati\u00e8re de cookies - Abades Triana Restaurante\",\"isPartOf\":{\"@id\":\"https:\/\/abadestriana.com\/fr\/#website\"},\"datePublished\":\"2024-04-25T12:13:43+00:00\",\"dateModified\":\"2024-06-25T14:32:08+00:00\",\"breadcrumb\":{\"@id\":\"https:\/\/abadestriana.com\/fr\/politique-en-matiere-de-cookies\/#breadcrumb\"},\"inLanguage\":\"fr-FR\",\"potentialAction\":[{\"@type\":\"ReadAction\",\"target\":[\"https:\/\/abadestriana.com\/fr\/politique-en-matiere-de-cookies\/\"]}]},{\"@type\":\"BreadcrumbList\",\"@id\":\"https:\/\/abadestriana.com\/fr\/politique-en-matiere-de-cookies\/#breadcrumb\",\"itemListElement\":[{\"@type\":\"ListItem\",\"position\":1,\"name\":\"Home\",\"item\":\"https:\/\/abadestriana.com\/fr\/\"},{\"@type\":\"ListItem\",\"position\":2,\"name\":\"Politique en mati\u00e8re de cookies\"}]},{\"@type\":\"WebSite\",\"@id\":\"https:\/\/abadestriana.com\/fr\/#website\",\"url\":\"https:\/\/abadestriana.com\/fr\/\",\"name\":\"Abades Triana Restaurante\",\"description\":\"Abades Triana es uno de los mejores restaurantes de Sevilla y el m\u00e1s reservado de toda la ciudad. A orillas del r\u00edo Guadalquivir frente a la Torre del Oro.\",\"potentialAction\":[{\"@type\":\"SearchAction\",\"target\":{\"@type\":\"EntryPoint\",\"urlTemplate\":\"https:\/\/abadestriana.com\/fr\/?s={search_term_string}\"},\"query-input\":{\"@type\":\"PropertyValueSpecification\",\"valueRequired\":true,\"valueName\":\"search_term_string\"}}],\"inLanguage\":\"fr-FR\"}]}<\/script>\n<!-- \/ Yoast SEO plugin. -->","yoast_head_json":{"title":"Politique en mati\u00e8re de cookies - Abades Triana Restaurante","robots":{"index":"noindex","follow":"follow"},"og_locale":"fr_FR","og_type":"article","og_title":"Politique en mati\u00e8re de cookies - Abades Triana Restaurante","og_description":"Nous respectons les dispositions des obligations \u00e9nonc\u00e9es au deuxi\u00e8me paragraphe de l&rsquo;article 22 de la loi 34\/2002, du 11 juillet, sur les services de la soci\u00e9t\u00e9 de l&rsquo;information et le commerce \u00e9lectronique (ci-apr\u00e8s, LSSI), en relation avec le r\u00e8glement (UE) 2016\/679 du Parlement europ\u00e9en et du Conseil, du 27 avril 2016, Protection g\u00e9n\u00e9rale des donn\u00e9es","og_url":"https:\/\/abadestriana.com\/fr\/politique-en-matiere-de-cookies\/","og_site_name":"Abades Triana Restaurante","article_modified_time":"2024-06-25T14:32:08+00:00","twitter_card":"summary_large_image","twitter_misc":{"Dur\u00e9e de lecture estim\u00e9e":"11 minutes"},"schema":{"@context":"https:\/\/schema.org","@graph":[{"@type":"WebPage","@id":"https:\/\/abadestriana.com\/fr\/politique-en-matiere-de-cookies\/","url":"https:\/\/abadestriana.com\/fr\/politique-en-matiere-de-cookies\/","name":"Politique en mati\u00e8re de cookies - Abades Triana Restaurante","isPartOf":{"@id":"https:\/\/abadestriana.com\/fr\/#website"},"datePublished":"2024-04-25T12:13:43+00:00","dateModified":"2024-06-25T14:32:08+00:00","breadcrumb":{"@id":"https:\/\/abadestriana.com\/fr\/politique-en-matiere-de-cookies\/#breadcrumb"},"inLanguage":"fr-FR","potentialAction":[{"@type":"ReadAction","target":["https:\/\/abadestriana.com\/fr\/politique-en-matiere-de-cookies\/"]}]},{"@type":"BreadcrumbList","@id":"https:\/\/abadestriana.com\/fr\/politique-en-matiere-de-cookies\/#breadcrumb","itemListElement":[{"@type":"ListItem","position":1,"name":"Home","item":"https:\/\/abadestriana.com\/fr\/"},{"@type":"ListItem","position":2,"name":"Politique en mati\u00e8re de cookies"}]},{"@type":"WebSite","@id":"https:\/\/abadestriana.com\/fr\/#website","url":"https:\/\/abadestriana.com\/fr\/","name":"Abades Triana Restaurante","description":"Abades Triana es uno de los mejores restaurantes de Sevilla y el m\u00e1s reservado de toda la ciudad. A orillas del r\u00edo Guadalquivir frente a la Torre del Oro.","potentialAction":[{"@type":"SearchAction","target":{"@type":"EntryPoint","urlTemplate":"https:\/\/abadestriana.com\/fr\/?s={search_term_string}"},"query-input":{"@type":"PropertyValueSpecification","valueRequired":true,"valueName":"search_term_string"}}],"inLanguage":"fr-FR"}]}},"_links":{"self":[{"href":"https:\/\/abadestriana.com\/fr\/wp-json\/wp\/v2\/pages\/1189","targetHints":{"allow":["GET"]}}],"collection":[{"href":"https:\/\/abadestriana.com\/fr\/wp-json\/wp\/v2\/pages"}],"about":[{"href":"https:\/\/abadestriana.com\/fr\/wp-json\/wp\/v2\/types\/page"}],"author":[{"embeddable":true,"href":"https:\/\/abadestriana.com\/fr\/wp-json\/wp\/v2\/users\/1"}],"replies":[{"embeddable":true,"href":"https:\/\/abadestriana.com\/fr\/wp-json\/wp\/v2\/comments?post=1189"}],"version-history":[{"count":1,"href":"https:\/\/abadestriana.com\/fr\/wp-json\/wp\/v2\/pages\/1189\/revisions"}],"predecessor-version":[{"id":1190,"href":"https:\/\/abadestriana.com\/fr\/wp-json\/wp\/v2\/pages\/1189\/revisions\/1190"}],"wp:attachment":[{"href":"https:\/\/abadestriana.com\/fr\/wp-json\/wp\/v2\/media?parent=1189"}],"curies":[{"name":"wp","href":"https:\/\/api.w.org\/{rel}","templated":true}]}}