{"id":1158,"date":"2024-04-24T08:16:29","date_gmt":"2024-04-24T06:16:29","guid":{"rendered":"http:\/\/restauranteabadestriana.test\/accueil\/"},"modified":"2024-10-02T13:01:47","modified_gmt":"2024-10-02T11:01:47","slug":"accueil","status":"publish","type":"page","link":"https:\/\/abadestriana.com\/fr\/","title":{"rendered":"Accueil"},"content":{"rendered":"","protected":false},"excerpt":{"rendered":"","protected":false},"author":1,"featured_media":0,"parent":0,"menu_order":0,"comment_status":"closed","ping_status":"closed","template":"","meta":{"_acf_changed":false,"inline_featured_image":false,"footnotes":""},"class_list":["post-1158","page","type-page","status-publish","hentry"],"acf":[],"yoast_head":"<!-- This site is optimized with the Yoast SEO plugin v26.8 - https:\/\/yoast.com\/product\/yoast-seo-wordpress\/ -->\n<title>Abades Triana Restaurante: Haute Cuisine \u00e0 S\u00e9ville<\/title>\n<meta name=\"description\" content=\"Abades Triana dans la rue Betis \u00e0 S\u00e9ville, \u00e0 c\u00f4t\u00e9 du fleuve Guadalquivir et en face de la Torre del Oro, dans le quartier populaire de Triana.\" \/>\n<meta name=\"robots\" content=\"index, follow, max-snippet:-1, max-image-preview:large, max-video-preview:-1\" \/>\n<link rel=\"canonical\" href=\"https:\/\/abadestriana.com\/fr\/\" \/>\n<meta property=\"og:locale\" content=\"fr_FR\" \/>\n<meta property=\"og:type\" content=\"article\" \/>\n<meta property=\"og:title\" content=\"Abades Triana Restaurante: Haute Cuisine \u00e0 S\u00e9ville\" \/>\n<meta property=\"og:description\" content=\"Abades Triana dans la rue Betis \u00e0 S\u00e9ville, \u00e0 c\u00f4t\u00e9 du fleuve Guadalquivir et en face de la Torre del Oro, dans le quartier populaire de Triana.\" \/>\n<meta property=\"og:url\" content=\"https:\/\/abadestriana.com\/fr\/\" \/>\n<meta property=\"og:site_name\" content=\"Abades Triana Restaurante\" \/>\n<meta property=\"article:modified_time\" content=\"2024-10-02T11:01:47+00:00\" \/>\n<meta name=\"twitter:card\" content=\"summary_large_image\" \/>\n<script type=\"application\/ld+json\" class=\"yoast-schema-graph\">{\"@context\":\"https:\/\/schema.org\",\"@graph\":[{\"@type\":\"WebPage\",\"@id\":\"https:\/\/abadestriana.com\/fr\/\",\"url\":\"https:\/\/abadestriana.com\/fr\/\",\"name\":\"Abades Triana Restaurante: Haute Cuisine \u00e0 S\u00e9ville\",\"isPartOf\":{\"@id\":\"https:\/\/abadestriana.com\/fr\/#website\"},\"datePublished\":\"2024-04-24T06:16:29+00:00\",\"dateModified\":\"2024-10-02T11:01:47+00:00\",\"description\":\"Abades Triana dans la rue Betis \u00e0 S\u00e9ville, \u00e0 c\u00f4t\u00e9 du fleuve Guadalquivir et en face de la Torre del Oro, dans le quartier populaire de Triana.\",\"breadcrumb\":{\"@id\":\"https:\/\/abadestriana.com\/fr\/#breadcrumb\"},\"inLanguage\":\"fr-FR\",\"potentialAction\":[{\"@type\":\"ReadAction\",\"target\":[\"https:\/\/abadestriana.com\/fr\/\"]}]},{\"@type\":\"BreadcrumbList\",\"@id\":\"https:\/\/abadestriana.com\/fr\/#breadcrumb\",\"itemListElement\":[{\"@type\":\"ListItem\",\"position\":1,\"name\":\"Home\",\"item\":\"https:\/\/abadestriana.com\/fr\/\"},{\"@type\":\"ListItem\",\"position\":2,\"name\":\"Accueil\"}]},{\"@type\":\"WebSite\",\"@id\":\"https:\/\/abadestriana.com\/fr\/#website\",\"url\":\"https:\/\/abadestriana.com\/fr\/\",\"name\":\"Abades Triana Restaurante\",\"description\":\"Abades Triana es uno de los mejores restaurantes de Sevilla y el m\u00e1s reservado de toda la ciudad. A orillas del r\u00edo Guadalquivir frente a la Torre del Oro.\",\"potentialAction\":[{\"@type\":\"SearchAction\",\"target\":{\"@type\":\"EntryPoint\",\"urlTemplate\":\"https:\/\/abadestriana.com\/fr\/?s={search_term_string}\"},\"query-input\":{\"@type\":\"PropertyValueSpecification\",\"valueRequired\":true,\"valueName\":\"search_term_string\"}}],\"inLanguage\":\"fr-FR\"}]}<\/script>\n<!-- \/ Yoast SEO plugin. -->","yoast_head_json":{"title":"Abades Triana Restaurante: Haute Cuisine \u00e0 S\u00e9ville","description":"Abades Triana dans la rue Betis \u00e0 S\u00e9ville, \u00e0 c\u00f4t\u00e9 du fleuve Guadalquivir et en face de la Torre del Oro, dans le quartier populaire de Triana.","robots":{"index":"index","follow":"follow","max-snippet":"max-snippet:-1","max-image-preview":"max-image-preview:large","max-video-preview":"max-video-preview:-1"},"canonical":"https:\/\/abadestriana.com\/fr\/","og_locale":"fr_FR","og_type":"article","og_title":"Abades Triana Restaurante: Haute Cuisine \u00e0 S\u00e9ville","og_description":"Abades Triana dans la rue Betis \u00e0 S\u00e9ville, \u00e0 c\u00f4t\u00e9 du fleuve Guadalquivir et en face de la Torre del Oro, dans le quartier populaire de Triana.","og_url":"https:\/\/abadestriana.com\/fr\/","og_site_name":"Abades Triana Restaurante","article_modified_time":"2024-10-02T11:01:47+00:00","twitter_card":"summary_large_image","schema":{"@context":"https:\/\/schema.org","@graph":[{"@type":"WebPage","@id":"https:\/\/abadestriana.com\/fr\/","url":"https:\/\/abadestriana.com\/fr\/","name":"Abades Triana Restaurante: Haute Cuisine \u00e0 S\u00e9ville","isPartOf":{"@id":"https:\/\/abadestriana.com\/fr\/#website"},"datePublished":"2024-04-24T06:16:29+00:00","dateModified":"2024-10-02T11:01:47+00:00","description":"Abades Triana dans la rue Betis \u00e0 S\u00e9ville, \u00e0 c\u00f4t\u00e9 du fleuve Guadalquivir et en face de la Torre del Oro, dans le quartier populaire de Triana.","breadcrumb":{"@id":"https:\/\/abadestriana.com\/fr\/#breadcrumb"},"inLanguage":"fr-FR","potentialAction":[{"@type":"ReadAction","target":["https:\/\/abadestriana.com\/fr\/"]}]},{"@type":"BreadcrumbList","@id":"https:\/\/abadestriana.com\/fr\/#breadcrumb","itemListElement":[{"@type":"ListItem","position":1,"name":"Home","item":"https:\/\/abadestriana.com\/fr\/"},{"@type":"ListItem","position":2,"name":"Accueil"}]},{"@type":"WebSite","@id":"https:\/\/abadestriana.com\/fr\/#website","url":"https:\/\/abadestriana.com\/fr\/","name":"Abades Triana Restaurante","description":"Abades Triana es uno de los mejores restaurantes de Sevilla y el m\u00e1s reservado de toda la ciudad. A orillas del r\u00edo Guadalquivir frente a la Torre del Oro.","potentialAction":[{"@type":"SearchAction","target":{"@type":"EntryPoint","urlTemplate":"https:\/\/abadestriana.com\/fr\/?s={search_term_string}"},"query-input":{"@type":"PropertyValueSpecification","valueRequired":true,"valueName":"search_term_string"}}],"inLanguage":"fr-FR"}]}},"_links":{"self":[{"href":"https:\/\/abadestriana.com\/fr\/wp-json\/wp\/v2\/pages\/1158","targetHints":{"allow":["GET"]}}],"collection":[{"href":"https:\/\/abadestriana.com\/fr\/wp-json\/wp\/v2\/pages"}],"about":[{"href":"https:\/\/abadestriana.com\/fr\/wp-json\/wp\/v2\/types\/page"}],"author":[{"embeddable":true,"href":"https:\/\/abadestriana.com\/fr\/wp-json\/wp\/v2\/users\/1"}],"replies":[{"embeddable":true,"href":"https:\/\/abadestriana.com\/fr\/wp-json\/wp\/v2\/comments?post=1158"}],"version-history":[{"count":7,"href":"https:\/\/abadestriana.com\/fr\/wp-json\/wp\/v2\/pages\/1158\/revisions"}],"predecessor-version":[{"id":1740,"href":"https:\/\/abadestriana.com\/fr\/wp-json\/wp\/v2\/pages\/1158\/revisions\/1740"}],"wp:attachment":[{"href":"https:\/\/abadestriana.com\/fr\/wp-json\/wp\/v2\/media?parent=1158"}],"curies":[{"name":"wp","href":"https:\/\/api.w.org\/{rel}","templated":true}]}}